{"id":887,"date":"2025-03-12T15:22:38","date_gmt":"2025-03-12T14:22:38","guid":{"rendered":"https:\/\/www.restaurantarumi.com\/contacto\/"},"modified":"2025-04-01T14:17:29","modified_gmt":"2025-04-01T12:17:29","slug":"contacto","status":"publish","type":"page","link":"https:\/\/www.restaurantarumi.com\/es\/contacto\/","title":{"rendered":"Contacto"},"content":{"rendered":"[vc_row type=\u00bbfull_width_content\u00bb full_screen_row_position=\u00bbmiddle\u00bb column_margin=\u00bbdefault\u00bb column_direction=\u00bbdefault\u00bb column_direction_tablet=\u00bbdefault\u00bb column_direction_phone=\u00bbdefault\u00bb bg_color=\u00bb#ffffff\u00bb full_height=\u00bbyes\u00bb scene_position=\u00bbcenter\u00bb text_color=\u00bbdark\u00bb text_align=\u00bbleft\u00bb row_border_radius=\u00bbnone\u00bb row_border_radius_applies=\u00bbbg\u00bb overflow=\u00bbvisible\u00bb overlay_strength=\u00bb0.3&#8243; gradient_direction=\u00bbleft_to_right\u00bb shape_divider_position=\u00bbbottom\u00bb bg_image_animation=\u00bbnone\u00bb gradient_type=\u00bbdefault\u00bb shape_type=\u00bb\u00bb][vc_column column_padding=\u00bbno-extra-padding\u00bb column_padding_tablet=\u00bbinherit\u00bb column_padding_phone=\u00bbinherit\u00bb column_padding_position=\u00bball\u00bb column_element_direction_desktop=\u00bbdefault\u00bb column_element_spacing=\u00bbdefault\u00bb desktop_text_alignment=\u00bbdefault\u00bb tablet_text_alignment=\u00bbdefault\u00bb phone_text_alignment=\u00bbdefault\u00bb background_color_opacity=\u00bb1&#8243; background_hover_color_opacity=\u00bb1&#8243; column_backdrop_filter=\u00bbnone\u00bb column_shadow=\u00bbnone\u00bb column_border_radius=\u00bbnone\u00bb column_link_target=\u00bb_self\u00bb column_position=\u00bbdefault\u00bb gradient_direction=\u00bbleft_to_right\u00bb overlay_strength=\u00bb0.3&#8243; width=\u00bb1\/2&#8243; tablet_width_inherit=\u00bbdefault\u00bb animation_type=\u00bbdefault\u00bb bg_image_animation=\u00bbnone\u00bb border_type=\u00bbsimple\u00bb column_border_width=\u00bbnone\u00bb column_border_style=\u00bbsolid\u00bb][nectar_gmap map_type=\u00bbleaflet\u00bb zoom=\u00bb13&#8243; marker_style=\u00bbnectar\u00bb color=\u00bbaccent-color\u00bb leaflet_map_greyscale=\u00bb1&#8243; size=\u00bb80vh\u00bb map_center_lat=\u00bb41.90509599134005&#8243; map_center_lng=\u00bb2.281437324754206&#8243; map_markers=\u00bb41.90500815672956|2.2814051382465266&#8243;][\/vc_column][vc_column column_padding=\u00bbpadding-7-percent\u00bb column_padding_tablet=\u00bbinherit\u00bb column_padding_phone=\u00bbinherit\u00bb column_padding_position=\u00bball\u00bb column_element_direction_desktop=\u00bbdefault\u00bb column_element_spacing=\u00bbdefault\u00bb desktop_text_alignment=\u00bbdefault\u00bb tablet_text_alignment=\u00bbdefault\u00bb phone_text_alignment=\u00bbdefault\u00bb background_color_opacity=\u00bb1&#8243; background_hover_color_opacity=\u00bb1&#8243; column_backdrop_filter=\u00bbnone\u00bb column_shadow=\u00bbnone\u00bb column_border_radius=\u00bbnone\u00bb column_link_target=\u00bb_self\u00bb column_position=\u00bbdefault\u00bb gradient_direction=\u00bbleft_to_right\u00bb overlay_strength=\u00bb0.3&#8243; width=\u00bb1\/2&#8243; tablet_width_inherit=\u00bbdefault\u00bb animation_type=\u00bbdefault\u00bb bg_image_animation=\u00bbnone\u00bb border_type=\u00bbsimple\u00bb column_border_width=\u00bbnone\u00bb column_border_style=\u00bbsolid\u00bb][vc_column_text text_direction=\u00bbdefault\u00bb]\n<h3>Restaurante Arum\u00ed<\/h3>\n<p>Ctra. d\u2019Arb\u00facies, 21 \u2013 08507<br \/>\nSanta Eug\u00e8nia de Berga<\/p>\n<h5>HORARIO<\/h5>\n<p>De 13.00h a 16.00h y de 20.00h a 23.30h.<br \/>\nCerrado domingos noche, lunes y martes.<\/p>\n<h5><\/h5>\n<h5>TEL\u00c9FONO<\/h5>\n<p><a href=\"tel:+34938855603\">93 885 56 03<\/a><\/p>\n<h5><\/h5>\n<h5>CORREO ELECTR\u00d3NICO<\/h5>\n<p><a href=\"mailto:restaurantarumi@hotmail.com\">restaurantarumi@hotmail.com<\/a>[\/vc_column_text][\/vc_column][\/vc_row]\n","protected":false},"excerpt":{"rendered":"<p>[vc_row type=\u00bbfull_width_content\u00bb full_screen_row_position=\u00bbmiddle\u00bb column_margin=\u00bbdefault\u00bb column_direction=\u00bbdefault\u00bb column_direction_tablet=\u00bbdefault\u00bb column_direction_phone=\u00bbdefault\u00bb bg_color=\u00bb#ffffff\u00bb full_height=\u00bbyes\u00bb scene_position=\u00bbcenter\u00bb text_color=\u00bbdark\u00bb text_align=\u00bbleft\u00bb row_border_radius=\u00bbnone\u00bb row_border_radius_applies=\u00bbbg\u00bb overflow=\u00bbvisible\u00bb overlay_strength=\u00bb0.3&#8243; gradient_direction=\u00bbleft_to_right\u00bb shape_divider_position=\u00bbbottom\u00bb bg_image_animation=\u00bbnone\u00bb gradient_type=\u00bbdefault\u00bb shape_type=\u00bb\u00bb][vc_column column_padding=\u00bbno-extra-padding\u00bb column_padding_tablet=\u00bbinherit\u00bb column_padding_phone=\u00bbinherit\u00bb column_padding_position=\u00bball\u00bb column_element_direction_desktop=\u00bbdefault\u00bb column_element_spacing=\u00bbdefault\u00bb desktop_text_alignment=\u00bbdefault\u00bb tablet_text_alignment=\u00bbdefault\u00bb phone_text_alignment=\u00bbdefault\u00bb&#8230;<\/p>\n","protected":false},"author":1,"featured_media":0,"parent":0,"menu_order":0,"comment_status":"closed","ping_status":"closed","template":"","meta":{"footnotes":""},"class_list":["post-887","page","type-page","status-publish"],"yoast_head":"<!-- This site is optimized with the Yoast SEO plugin v24.9 - https:\/\/yoast.com\/wordpress\/plugins\/seo\/ -->\n<title>Contacta con Restaurante Arum\u00ed | Reservas e Informaci\u00f3n<\/title>\n<meta name=\"description\" content=\"Contacta con Restaurante Arum\u00ed para reservas, informaci\u00f3n de men\u00fas y servicios en Santa Eug\u00e8nia de Berga. Tel. 93 885 56 03.\" \/>\n<meta name=\"robots\" content=\"index, follow, max-snippet:-1, max-image-preview:large, max-video-preview:-1\" \/>\n<link rel=\"canonical\" href=\"https:\/\/www.restaurantarumi.com\/es\/contacto\/\" \/>\n<meta property=\"og:locale\" content=\"es_ES\" \/>\n<meta property=\"og:type\" content=\"article\" \/>\n<meta property=\"og:title\" content=\"Contacta con Restaurante Arum\u00ed | Reservas e Informaci\u00f3n\" \/>\n<meta property=\"og:description\" content=\"Contacta con Restaurante Arum\u00ed para reservas, informaci\u00f3n de men\u00fas y servicios en Santa Eug\u00e8nia de Berga. Tel. 93 885 56 03.\" \/>\n<meta property=\"og:url\" content=\"https:\/\/www.restaurantarumi.com\/es\/contacto\/\" \/>\n<meta property=\"og:site_name\" content=\"Restaurant Arum\u00ed - Santa Eug\u00e8nia de Berga\" \/>\n<meta property=\"article:modified_time\" content=\"2025-04-01T12:17:29+00:00\" \/>\n<meta name=\"twitter:card\" content=\"summary_large_image\" \/>\n<meta name=\"twitter:label1\" content=\"Tiempo de lectura\" \/>\n\t<meta name=\"twitter:data1\" content=\"2 minutos\" \/>\n<script type=\"application\/ld+json\" class=\"yoast-schema-graph\">{\"@context\":\"https:\/\/schema.org\",\"@graph\":[{\"@type\":\"WebPage\",\"@id\":\"https:\/\/www.restaurantarumi.com\/es\/contacto\/\",\"url\":\"https:\/\/www.restaurantarumi.com\/es\/contacto\/\",\"name\":\"Contacta con Restaurante Arum\u00ed | Reservas e Informaci\u00f3n\",\"isPartOf\":{\"@id\":\"http:\/\/www.restaurantarumi.com\/es\/#website\"},\"datePublished\":\"2025-03-12T14:22:38+00:00\",\"dateModified\":\"2025-04-01T12:17:29+00:00\",\"description\":\"Contacta con Restaurante Arum\u00ed para reservas, informaci\u00f3n de men\u00fas y servicios en Santa Eug\u00e8nia de Berga. Tel. 93 885 56 03.\",\"breadcrumb\":{\"@id\":\"https:\/\/www.restaurantarumi.com\/es\/contacto\/#breadcrumb\"},\"inLanguage\":\"es\",\"potentialAction\":[{\"@type\":\"ReadAction\",\"target\":[\"https:\/\/www.restaurantarumi.com\/es\/contacto\/\"]}]},{\"@type\":\"BreadcrumbList\",\"@id\":\"https:\/\/www.restaurantarumi.com\/es\/contacto\/#breadcrumb\",\"itemListElement\":[{\"@type\":\"ListItem\",\"position\":1,\"name\":\"Portada\",\"item\":\"https:\/\/www.restaurantarumi.com\/es\/\"},{\"@type\":\"ListItem\",\"position\":2,\"name\":\"Contacto\"}]},{\"@type\":\"WebSite\",\"@id\":\"http:\/\/www.restaurantarumi.com\/es\/#website\",\"url\":\"http:\/\/www.restaurantarumi.com\/es\/\",\"name\":\"Restaurant Arum\u00ed - Santa Eug\u00e8nia de Berga\",\"description\":\"Restaurant Arum\u00ed a Santa Eug\u00e8nia de Berga. Cuina catalana tradicional, men\u00fa de temporada i productes de proximitat en un ambient acollidor.\",\"potentialAction\":[{\"@type\":\"SearchAction\",\"target\":{\"@type\":\"EntryPoint\",\"urlTemplate\":\"http:\/\/www.restaurantarumi.com\/es\/?s={search_term_string}\"},\"query-input\":{\"@type\":\"PropertyValueSpecification\",\"valueRequired\":true,\"valueName\":\"search_term_string\"}}],\"inLanguage\":\"es\"}]}<\/script>\n<!-- \/ Yoast SEO plugin. -->","yoast_head_json":{"title":"Contacta con Restaurante Arum\u00ed | Reservas e Informaci\u00f3n","description":"Contacta con Restaurante Arum\u00ed para reservas, informaci\u00f3n de men\u00fas y servicios en Santa Eug\u00e8nia de Berga. Tel. 93 885 56 03.","robots":{"index":"index","follow":"follow","max-snippet":"max-snippet:-1","max-image-preview":"max-image-preview:large","max-video-preview":"max-video-preview:-1"},"canonical":"https:\/\/www.restaurantarumi.com\/es\/contacto\/","og_locale":"es_ES","og_type":"article","og_title":"Contacta con Restaurante Arum\u00ed | Reservas e Informaci\u00f3n","og_description":"Contacta con Restaurante Arum\u00ed para reservas, informaci\u00f3n de men\u00fas y servicios en Santa Eug\u00e8nia de Berga. Tel. 93 885 56 03.","og_url":"https:\/\/www.restaurantarumi.com\/es\/contacto\/","og_site_name":"Restaurant Arum\u00ed - Santa Eug\u00e8nia de Berga","article_modified_time":"2025-04-01T12:17:29+00:00","twitter_card":"summary_large_image","twitter_misc":{"Tiempo de lectura":"2 minutos"},"schema":{"@context":"https:\/\/schema.org","@graph":[{"@type":"WebPage","@id":"https:\/\/www.restaurantarumi.com\/es\/contacto\/","url":"https:\/\/www.restaurantarumi.com\/es\/contacto\/","name":"Contacta con Restaurante Arum\u00ed | Reservas e Informaci\u00f3n","isPartOf":{"@id":"http:\/\/www.restaurantarumi.com\/es\/#website"},"datePublished":"2025-03-12T14:22:38+00:00","dateModified":"2025-04-01T12:17:29+00:00","description":"Contacta con Restaurante Arum\u00ed para reservas, informaci\u00f3n de men\u00fas y servicios en Santa Eug\u00e8nia de Berga. Tel. 93 885 56 03.","breadcrumb":{"@id":"https:\/\/www.restaurantarumi.com\/es\/contacto\/#breadcrumb"},"inLanguage":"es","potentialAction":[{"@type":"ReadAction","target":["https:\/\/www.restaurantarumi.com\/es\/contacto\/"]}]},{"@type":"BreadcrumbList","@id":"https:\/\/www.restaurantarumi.com\/es\/contacto\/#breadcrumb","itemListElement":[{"@type":"ListItem","position":1,"name":"Portada","item":"https:\/\/www.restaurantarumi.com\/es\/"},{"@type":"ListItem","position":2,"name":"Contacto"}]},{"@type":"WebSite","@id":"http:\/\/www.restaurantarumi.com\/es\/#website","url":"http:\/\/www.restaurantarumi.com\/es\/","name":"Restaurant Arum\u00ed - Santa Eug\u00e8nia de Berga","description":"Restaurant Arum\u00ed a Santa Eug\u00e8nia de Berga. Cuina catalana tradicional, men\u00fa de temporada i productes de proximitat en un ambient acollidor.","potentialAction":[{"@type":"SearchAction","target":{"@type":"EntryPoint","urlTemplate":"http:\/\/www.restaurantarumi.com\/es\/?s={search_term_string}"},"query-input":{"@type":"PropertyValueSpecification","valueRequired":true,"valueName":"search_term_string"}}],"inLanguage":"es"}]}},"_links":{"self":[{"href":"https:\/\/www.restaurantarumi.com\/es\/wp-json\/wp\/v2\/pages\/887","targetHints":{"allow":["GET"]}}],"collection":[{"href":"https:\/\/www.restaurantarumi.com\/es\/wp-json\/wp\/v2\/pages"}],"about":[{"href":"https:\/\/www.restaurantarumi.com\/es\/wp-json\/wp\/v2\/types\/page"}],"author":[{"embeddable":true,"href":"https:\/\/www.restaurantarumi.com\/es\/wp-json\/wp\/v2\/users\/1"}],"replies":[{"embeddable":true,"href":"https:\/\/www.restaurantarumi.com\/es\/wp-json\/wp\/v2\/comments?post=887"}],"version-history":[{"count":2,"href":"https:\/\/www.restaurantarumi.com\/es\/wp-json\/wp\/v2\/pages\/887\/revisions"}],"predecessor-version":[{"id":889,"href":"https:\/\/www.restaurantarumi.com\/es\/wp-json\/wp\/v2\/pages\/887\/revisions\/889"}],"wp:attachment":[{"href":"https:\/\/www.restaurantarumi.com\/es\/wp-json\/wp\/v2\/media?parent=887"}],"curies":[{"name":"wp","href":"https:\/\/api.w.org\/{rel}","templated":true}]}}